{"id":573,"date":"2026-01-05T13:13:41","date_gmt":"2026-01-05T12:13:41","guid":{"rendered":"https:\/\/ptasinski-agro.com\/?page_id=573"},"modified":"2026-05-06T09:17:16","modified_gmt":"2026-05-06T07:17:16","slug":"sklep","status":"publish","type":"page","link":"https:\/\/ptasinski-agro.com\/en\/sklep\/","title":{"rendered":"Sklep"},"content":{"rendered":"<div data-elementor-type=\"wp-page\" data-elementor-id=\"573\" class=\"elementor elementor-573\" data-elementor-post-type=\"page\">\r\n\t\t\t\t<div class=\"elementor-element elementor-element-29e2934 e-flex e-con-boxed e-con e-parent\" data-id=\"29e2934\" data-element_type=\"container\" data-settings=\"{&quot;background_background&quot;:&quot;classic&quot;}\">\r\n\t\t\t\t\t<div class=\"e-con-inner\">\r\n\t\t\t\t<div class=\"elementor-element elementor-element-7050695 elementor-widget elementor-widget-heading\" data-id=\"7050695\" data-element_type=\"widget\" data-widget_type=\"heading.default\">\r\n\t\t\t\t<div class=\"elementor-widget-container\">\r\n\t\t\t<style>\/*! elementor - v3.23.0 - 15-07-2024 *\/\r\n.elementor-heading-title{padding:0;margin:0;line-height:1}.elementor-widget-heading .elementor-heading-title[class*=elementor-size-]>a{color:inherit;font-size:inherit;line-height:inherit}.elementor-widget-heading .elementor-heading-title.elementor-size-small{font-size:15px}.elementor-widget-heading .elementor-heading-title.elementor-size-medium{font-size:19px}.elementor-widget-heading .elementor-heading-title.elementor-size-large{font-size:29px}.elementor-widget-heading .elementor-heading-title.elementor-size-xl{font-size:39px}.elementor-widget-heading .elementor-heading-title.elementor-size-xxl{font-size:59px}<\/style><h2 class=\"elementor-heading-title elementor-size-default\">SHOP<\/h2>\t\t<\/div>\r\n\t\t\t\t<\/div>\r\n\t\t\t\t<div class=\"elementor-element elementor-element-db44bd0 elementor-widget-divider--view-line elementor-widget elementor-widget-divider\" data-id=\"db44bd0\" data-element_type=\"widget\" data-widget_type=\"divider.default\">\r\n\t\t\t\t<div class=\"elementor-widget-container\">\r\n\t\t\t<style>\/*! elementor - v3.23.0 - 15-07-2024 *\/\r\n.elementor-widget-divider{--divider-border-style:none;--divider-border-width:1px;--divider-color:#0c0d0e;--divider-icon-size:20px;--divider-element-spacing:10px;--divider-pattern-height:24px;--divider-pattern-size:20px;--divider-pattern-url:none;--divider-pattern-repeat:repeat-x}.elementor-widget-divider .elementor-divider{display:flex}.elementor-widget-divider .elementor-divider__text{font-size:15px;line-height:1;max-width:95%}.elementor-widget-divider .elementor-divider__element{margin:0 var(--divider-element-spacing);flex-shrink:0}.elementor-widget-divider .elementor-icon{font-size:var(--divider-icon-size)}.elementor-widget-divider .elementor-divider-separator{display:flex;margin:0;direction:ltr}.elementor-widget-divider--view-line_icon .elementor-divider-separator,.elementor-widget-divider--view-line_text .elementor-divider-separator{align-items:center}.elementor-widget-divider--view-line_icon .elementor-divider-separator:after,.elementor-widget-divider--view-line_icon .elementor-divider-separator:before,.elementor-widget-divider--view-line_text .elementor-divider-separator:after,.elementor-widget-divider--view-line_text .elementor-divider-separator:before{display:block;content:\"\";border-block-end:0;flex-grow:1;border-block-start:var(--divider-border-width) var(--divider-border-style) var(--divider-color)}.elementor-widget-divider--element-align-left .elementor-divider .elementor-divider-separator>.elementor-divider__svg:first-of-type{flex-grow:0;flex-shrink:100}.elementor-widget-divider--element-align-left .elementor-divider-separator:before{content:none}.elementor-widget-divider--element-align-left .elementor-divider__element{margin-left:0}.elementor-widget-divider--element-align-right .elementor-divider .elementor-divider-separator>.elementor-divider__svg:last-of-type{flex-grow:0;flex-shrink:100}.elementor-widget-divider--element-align-right .elementor-divider-separator:after{content:none}.elementor-widget-divider--element-align-right .elementor-divider__element{margin-right:0}.elementor-widget-divider--element-align-start .elementor-divider .elementor-divider-separator>.elementor-divider__svg:first-of-type{flex-grow:0;flex-shrink:100}.elementor-widget-divider--element-align-start .elementor-divider-separator:before{content:none}.elementor-widget-divider--element-align-start .elementor-divider__element{margin-inline-start:0}.elementor-widget-divider--element-align-end .elementor-divider .elementor-divider-separator>.elementor-divider__svg:last-of-type{flex-grow:0;flex-shrink:100}.elementor-widget-divider--element-align-end .elementor-divider-separator:after{content:none}.elementor-widget-divider--element-align-end .elementor-divider__element{margin-inline-end:0}.elementor-widget-divider:not(.elementor-widget-divider--view-line_text):not(.elementor-widget-divider--view-line_icon) .elementor-divider-separator{border-block-start:var(--divider-border-width) var(--divider-border-style) var(--divider-color)}.elementor-widget-divider--separator-type-pattern{--divider-border-style:none}.elementor-widget-divider--separator-type-pattern.elementor-widget-divider--view-line .elementor-divider-separator,.elementor-widget-divider--separator-type-pattern:not(.elementor-widget-divider--view-line) .elementor-divider-separator:after,.elementor-widget-divider--separator-type-pattern:not(.elementor-widget-divider--view-line) .elementor-divider-separator:before,.elementor-widget-divider--separator-type-pattern:not([class*=elementor-widget-divider--view]) .elementor-divider-separator{width:100%;min-height:var(--divider-pattern-height);-webkit-mask-size:var(--divider-pattern-size) 100%;mask-size:var(--divider-pattern-size) 100%;-webkit-mask-repeat:var(--divider-pattern-repeat);mask-repeat:var(--divider-pattern-repeat);background-color:var(--divider-color);-webkit-mask-image:var(--divider-pattern-url);mask-image:var(--divider-pattern-url)}.elementor-widget-divider--no-spacing{--divider-pattern-size:auto}.elementor-widget-divider--bg-round{--divider-pattern-repeat:round}.rtl .elementor-widget-divider .elementor-divider__text{direction:rtl}.e-con-inner>.elementor-widget-divider,.e-con>.elementor-widget-divider{width:var(--container-widget-width,100%);--flex-grow:var(--container-widget-flex-grow)}<\/style>\t\t<div class=\"elementor-divider\">\r\n\t\t\t<span class=\"elementor-divider-separator\">\r\n\t\t\t\t\t\t<\/span>\r\n\t\t<\/div>\r\n\t\t\t\t<\/div>\r\n\t\t\t\t<\/div>\r\n\t\t\t\t\t<\/div>\r\n\t\t\t\t<\/div>\r\n\t\t<div class=\"elementor-element elementor-element-1398db7 e-flex e-con-boxed e-con e-parent\" data-id=\"1398db7\" data-element_type=\"container\">\r\n\t\t\t\t\t<div class=\"e-con-inner\">\r\n\t\t<div class=\"elementor-element elementor-element-6fea6b8 e-con-full e-flex e-con e-child\" data-id=\"6fea6b8\" data-element_type=\"container\">\r\n\t\t<div class=\"elementor-element elementor-element-d360bc0 e-con-full e-flex e-con e-child\" data-id=\"d360bc0\" data-element_type=\"container\" data-settings=\"{&quot;background_background&quot;:&quot;classic&quot;}\">\r\n\t\t\t\t<div class=\"elementor-element elementor-element-6ec4fac elementor-widget elementor-widget-image\" data-id=\"6ec4fac\" data-element_type=\"widget\" data-widget_type=\"image.default\">\r\n\t\t\t\t<div class=\"elementor-widget-container\">\r\n\t\t\t<style>\/*! elementor - v3.23.0 - 15-07-2024 *\/\r\n.elementor-widget-image{text-align:center}.elementor-widget-image a{display:inline-block}.elementor-widget-image a img[src$=\".svg\"]{width:48px}.elementor-widget-image img{vertical-align:middle;display:inline-block}<\/style>\t\t\t\t\t\t\t\t\t\t\t<a href=\"https:\/\/ptasinski-agro.com\/en\/sklep\/\">\r\n\t\t\t\t\t\t\t<img fetchpriority=\"high\" decoding=\"async\" width=\"800\" height=\"534\" src=\"https:\/\/ptasinski-agro.com\/wp-content\/uploads\/2026\/02\/marchew_10x10x2-1024x683.jpg\" class=\"attachment-large size-large wp-image-879\" alt=\"\" srcset=\"https:\/\/ptasinski-agro.com\/wp-content\/uploads\/2026\/02\/marchew_10x10x2-1024x683.jpg 1024w, https:\/\/ptasinski-agro.com\/wp-content\/uploads\/2026\/02\/marchew_10x10x2-300x200.jpg 300w, https:\/\/ptasinski-agro.com\/wp-content\/uploads\/2026\/02\/marchew_10x10x2-768x512.jpg 768w, https:\/\/ptasinski-agro.com\/wp-content\/uploads\/2026\/02\/marchew_10x10x2-1536x1024.jpg 1536w, https:\/\/ptasinski-agro.com\/wp-content\/uploads\/2026\/02\/marchew_10x10x2-2048x1365.jpg 2048w, https:\/\/ptasinski-agro.com\/wp-content\/uploads\/2026\/02\/marchew_10x10x2-18x12.jpg 18w\" sizes=\"(max-width: 800px) 100vw, 800px\" \/>\t\t\t\t\t\t\t\t<\/a>\r\n\t\t\t\t\t\t\t\t\t\t\t\t\t<\/div>\r\n\t\t\t\t<\/div>\r\n\t\t\t\t<div class=\"elementor-element elementor-element-efe36e1 elementor-widget elementor-widget-heading\" data-id=\"efe36e1\" data-element_type=\"widget\" data-widget_type=\"heading.default\">\r\n\t\t\t\t<div class=\"elementor-widget-container\">\r\n\t\t\t<h2 class=\"elementor-heading-title elementor-size-default\">Dried carrot<\/h2>\t\t<\/div>\r\n\t\t\t\t<\/div>\r\n\t\t\t\t<div class=\"elementor-element elementor-element-3c965bc elementor-widget elementor-widget-heading\" data-id=\"3c965bc\" data-element_type=\"widget\" data-widget_type=\"heading.default\">\r\n\t\t\t\t<div class=\"elementor-widget-container\">\r\n\t\t\t<h2 class=\"elementor-heading-title elementor-size-default\">FLAKES 10\u00d710\u00d72 mm<\/h2>\t\t<\/div>\r\n\t\t\t\t<\/div>\r\n\t\t\t\t<\/div>\r\n\t\t<div class=\"elementor-element elementor-element-b519231 e-con-full e-flex e-con e-child\" data-id=\"b519231\" data-element_type=\"container\" data-settings=\"{&quot;background_background&quot;:&quot;classic&quot;}\">\r\n\t\t\t\t<div class=\"elementor-element elementor-element-0f42ff8 elementor-widget elementor-widget-image\" data-id=\"0f42ff8\" data-element_type=\"widget\" data-widget_type=\"image.default\">\r\n\t\t\t\t<div class=\"elementor-widget-container\">\r\n\t\t\t\t\t\t\t\t\t\t\t\t\t\t<a href=\"https:\/\/ptasinski-agro.com\/en\/sklep\/\">\r\n\t\t\t\t\t\t\t<img decoding=\"async\" width=\"800\" height=\"534\" src=\"https:\/\/ptasinski-agro.com\/wp-content\/uploads\/2026\/02\/marchew-1024x683.png\" class=\"attachment-large size-large wp-image-744\" alt=\"\" srcset=\"https:\/\/ptasinski-agro.com\/wp-content\/uploads\/2026\/02\/marchew-1024x683.png 1024w, https:\/\/ptasinski-agro.com\/wp-content\/uploads\/2026\/02\/marchew-300x200.png 300w, https:\/\/ptasinski-agro.com\/wp-content\/uploads\/2026\/02\/marchew-768x512.png 768w, https:\/\/ptasinski-agro.com\/wp-content\/uploads\/2026\/02\/marchew-1536x1024.png 1536w, https:\/\/ptasinski-agro.com\/wp-content\/uploads\/2026\/02\/marchew-18x12.png 18w, https:\/\/ptasinski-agro.com\/wp-content\/uploads\/2026\/02\/marchew.png 2048w\" sizes=\"(max-width: 800px) 100vw, 800px\" \/>\t\t\t\t\t\t\t\t<\/a>\r\n\t\t\t\t\t\t\t\t\t\t\t\t\t<\/div>\r\n\t\t\t\t<\/div>\r\n\t\t\t\t<div class=\"elementor-element elementor-element-bc9d05a elementor-widget elementor-widget-heading\" data-id=\"bc9d05a\" data-element_type=\"widget\" data-widget_type=\"heading.default\">\r\n\t\t\t\t<div class=\"elementor-widget-container\">\r\n\t\t\t<h2 class=\"elementor-heading-title elementor-size-default\">Dried carrot<\/h2>\t\t<\/div>\r\n\t\t\t\t<\/div>\r\n\t\t\t\t<div class=\"elementor-element elementor-element-5288ba6 elementor-widget elementor-widget-heading\" data-id=\"5288ba6\" data-element_type=\"widget\" data-widget_type=\"heading.default\">\r\n\t\t\t\t<div class=\"elementor-widget-container\">\r\n\t\t\t<h2 class=\"elementor-heading-title elementor-size-default\">FLAKES 16\u00d716\u00d72 mm<\/h2>\t\t<\/div>\r\n\t\t\t\t<\/div>\r\n\t\t\t\t<\/div>\r\n\t\t<div class=\"elementor-element elementor-element-63edaaa e-con-full e-flex e-con e-child\" data-id=\"63edaaa\" data-element_type=\"container\" data-settings=\"{&quot;background_background&quot;:&quot;classic&quot;}\">\r\n\t\t\t\t<div class=\"elementor-element elementor-element-6c41b59 elementor-widget elementor-widget-image\" data-id=\"6c41b59\" data-element_type=\"widget\" data-widget_type=\"image.default\">\r\n\t\t\t\t<div class=\"elementor-widget-container\">\r\n\t\t\t\t\t\t\t\t\t\t\t\t\t\t<a href=\"https:\/\/ptasinski-agro.com\/en\/sklep\/\">\r\n\t\t\t\t\t\t\t<img decoding=\"async\" width=\"800\" height=\"534\" src=\"https:\/\/ptasinski-agro.com\/wp-content\/uploads\/2026\/02\/marchew_3x3x30-1024x683.jpg\" class=\"attachment-large size-large wp-image-878\" alt=\"\" srcset=\"https:\/\/ptasinski-agro.com\/wp-content\/uploads\/2026\/02\/marchew_3x3x30-1024x683.jpg 1024w, https:\/\/ptasinski-agro.com\/wp-content\/uploads\/2026\/02\/marchew_3x3x30-300x200.jpg 300w, https:\/\/ptasinski-agro.com\/wp-content\/uploads\/2026\/02\/marchew_3x3x30-768x512.jpg 768w, https:\/\/ptasinski-agro.com\/wp-content\/uploads\/2026\/02\/marchew_3x3x30-1536x1024.jpg 1536w, https:\/\/ptasinski-agro.com\/wp-content\/uploads\/2026\/02\/marchew_3x3x30-2048x1365.jpg 2048w, https:\/\/ptasinski-agro.com\/wp-content\/uploads\/2026\/02\/marchew_3x3x30-18x12.jpg 18w\" sizes=\"(max-width: 800px) 100vw, 800px\" \/>\t\t\t\t\t\t\t\t<\/a>\r\n\t\t\t\t\t\t\t\t\t\t\t\t\t<\/div>\r\n\t\t\t\t<\/div>\r\n\t\t\t\t<div class=\"elementor-element elementor-element-e537274 elementor-widget elementor-widget-heading\" data-id=\"e537274\" data-element_type=\"widget\" data-widget_type=\"heading.default\">\r\n\t\t\t\t<div class=\"elementor-widget-container\">\r\n\t\t\t<h2 class=\"elementor-heading-title elementor-size-default\">Dried carrot<\/h2>\t\t<\/div>\r\n\t\t\t\t<\/div>\r\n\t\t\t\t<div class=\"elementor-element elementor-element-387695f elementor-widget elementor-widget-heading\" data-id=\"387695f\" data-element_type=\"widget\" data-widget_type=\"heading.default\">\r\n\t\t\t\t<div class=\"elementor-widget-container\">\r\n\t\t\t<h2 class=\"elementor-heading-title elementor-size-default\">STRIPS 3\u00d73\u00d730 mm<\/h2>\t\t<\/div>\r\n\t\t\t\t<\/div>\r\n\t\t\t\t<\/div>\r\n\t\t<div class=\"elementor-element elementor-element-258b5e3 e-con-full e-flex e-con e-child\" data-id=\"258b5e3\" data-element_type=\"container\" data-settings=\"{&quot;background_background&quot;:&quot;classic&quot;}\">\r\n\t\t\t\t<div class=\"elementor-element elementor-element-514705b elementor-widget elementor-widget-image\" data-id=\"514705b\" data-element_type=\"widget\" data-widget_type=\"image.default\">\r\n\t\t\t\t<div class=\"elementor-widget-container\">\r\n\t\t\t\t\t\t\t\t\t\t\t\t\t\t<a href=\"https:\/\/ptasinski-agro.com\/en\/sklep\/\">\r\n\t\t\t\t\t\t\t<img loading=\"lazy\" decoding=\"async\" width=\"800\" height=\"534\" src=\"https:\/\/ptasinski-agro.com\/wp-content\/uploads\/2026\/02\/marchew_2x2x10-1024x683.jpg\" class=\"attachment-large size-large wp-image-877\" alt=\"\" srcset=\"https:\/\/ptasinski-agro.com\/wp-content\/uploads\/2026\/02\/marchew_2x2x10-1024x683.jpg 1024w, https:\/\/ptasinski-agro.com\/wp-content\/uploads\/2026\/02\/marchew_2x2x10-300x200.jpg 300w, https:\/\/ptasinski-agro.com\/wp-content\/uploads\/2026\/02\/marchew_2x2x10-768x512.jpg 768w, https:\/\/ptasinski-agro.com\/wp-content\/uploads\/2026\/02\/marchew_2x2x10-1536x1024.jpg 1536w, https:\/\/ptasinski-agro.com\/wp-content\/uploads\/2026\/02\/marchew_2x2x10-2048x1365.jpg 2048w, https:\/\/ptasinski-agro.com\/wp-content\/uploads\/2026\/02\/marchew_2x2x10-18x12.jpg 18w\" sizes=\"(max-width: 800px) 100vw, 800px\" \/>\t\t\t\t\t\t\t\t<\/a>\r\n\t\t\t\t\t\t\t\t\t\t\t\t\t<\/div>\r\n\t\t\t\t<\/div>\r\n\t\t\t\t<div class=\"elementor-element elementor-element-254bf43 elementor-widget elementor-widget-heading\" data-id=\"254bf43\" data-element_type=\"widget\" data-widget_type=\"heading.default\">\r\n\t\t\t\t<div class=\"elementor-widget-container\">\r\n\t\t\t<h2 class=\"elementor-heading-title elementor-size-default\">Dried carrot<\/h2>\t\t<\/div>\r\n\t\t\t\t<\/div>\r\n\t\t\t\t<div class=\"elementor-element elementor-element-7b29b08 elementor-widget elementor-widget-heading\" data-id=\"7b29b08\" data-element_type=\"widget\" data-widget_type=\"heading.default\">\r\n\t\t\t\t<div class=\"elementor-widget-container\">\r\n\t\t\t<h2 class=\"elementor-heading-title elementor-size-default\">STRIPS 2\u00d72\u00d710 mm<\/h2>\t\t<\/div>\r\n\t\t\t\t<\/div>\r\n\t\t\t\t<\/div>\r\n\t\t\t\t<\/div>\r\n\t\t<div class=\"elementor-element elementor-element-bfa8fb0 e-con-full e-flex e-con e-child\" data-id=\"bfa8fb0\" data-element_type=\"container\">\r\n\t\t<div class=\"elementor-element elementor-element-cce4ca1 e-con-full e-flex e-con e-child\" data-id=\"cce4ca1\" data-element_type=\"container\" data-settings=\"{&quot;background_background&quot;:&quot;classic&quot;}\">\r\n\t\t\t\t<div class=\"elementor-element elementor-element-9013bc5 elementor-widget elementor-widget-image\" data-id=\"9013bc5\" data-element_type=\"widget\" data-widget_type=\"image.default\">\r\n\t\t\t\t<div class=\"elementor-widget-container\">\r\n\t\t\t\t\t\t\t\t\t\t\t\t\t\t<a href=\"https:\/\/ptasinski-agro.com\/en\/sklep\/\">\r\n\t\t\t\t\t\t\t<img loading=\"lazy\" decoding=\"async\" width=\"800\" height=\"534\" src=\"https:\/\/ptasinski-agro.com\/wp-content\/uploads\/2026\/02\/pietruszka-e1770729756477-1024x683.png\" class=\"attachment-large size-large wp-image-751\" alt=\"\" srcset=\"https:\/\/ptasinski-agro.com\/wp-content\/uploads\/2026\/02\/pietruszka-e1770729756477-1024x683.png 1024w, https:\/\/ptasinski-agro.com\/wp-content\/uploads\/2026\/02\/pietruszka-e1770729756477-300x200.png 300w, https:\/\/ptasinski-agro.com\/wp-content\/uploads\/2026\/02\/pietruszka-e1770729756477-768x512.png 768w, https:\/\/ptasinski-agro.com\/wp-content\/uploads\/2026\/02\/pietruszka-e1770729756477-1536x1024.png 1536w, https:\/\/ptasinski-agro.com\/wp-content\/uploads\/2026\/02\/pietruszka-e1770729756477-18x12.png 18w, https:\/\/ptasinski-agro.com\/wp-content\/uploads\/2026\/02\/pietruszka-e1770729756477.png 2048w\" sizes=\"(max-width: 800px) 100vw, 800px\" \/>\t\t\t\t\t\t\t\t<\/a>\r\n\t\t\t\t\t\t\t\t\t\t\t\t\t<\/div>\r\n\t\t\t\t<\/div>\r\n\t\t\t\t<div class=\"elementor-element elementor-element-726803a elementor-widget elementor-widget-heading\" data-id=\"726803a\" data-element_type=\"widget\" data-widget_type=\"heading.default\">\r\n\t\t\t\t<div class=\"elementor-widget-container\">\r\n\t\t\t<h2 class=\"elementor-heading-title elementor-size-default\">Dried parsnip<\/h2>\t\t<\/div>\r\n\t\t\t\t<\/div>\r\n\t\t\t\t<div class=\"elementor-element elementor-element-e6323ff elementor-widget elementor-widget-heading\" data-id=\"e6323ff\" data-element_type=\"widget\" data-widget_type=\"heading.default\">\r\n\t\t\t\t<div class=\"elementor-widget-container\">\r\n\t\t\t<h2 class=\"elementor-heading-title elementor-size-default\">FLAKES 10\u00d710\u00d72 mm<\/h2>\t\t<\/div>\r\n\t\t\t\t<\/div>\r\n\t\t\t\t<\/div>\r\n\t\t<div class=\"elementor-element elementor-element-44d8ff5 e-con-full e-flex e-con e-child\" data-id=\"44d8ff5\" data-element_type=\"container\" data-settings=\"{&quot;background_background&quot;:&quot;classic&quot;}\">\r\n\t\t\t\t<div class=\"elementor-element elementor-element-1d82e58 elementor-widget elementor-widget-image\" data-id=\"1d82e58\" data-element_type=\"widget\" data-widget_type=\"image.default\">\r\n\t\t\t\t<div class=\"elementor-widget-container\">\r\n\t\t\t\t\t\t\t\t\t\t\t\t\t\t<a href=\"https:\/\/ptasinski-agro.com\/en\/sklep\/\">\r\n\t\t\t\t\t\t\t<img loading=\"lazy\" decoding=\"async\" width=\"800\" height=\"534\" src=\"https:\/\/ptasinski-agro.com\/wp-content\/uploads\/2026\/02\/pietruszka-e1770729756477-1024x683.png\" class=\"attachment-large size-large wp-image-751\" alt=\"\" srcset=\"https:\/\/ptasinski-agro.com\/wp-content\/uploads\/2026\/02\/pietruszka-e1770729756477-1024x683.png 1024w, https:\/\/ptasinski-agro.com\/wp-content\/uploads\/2026\/02\/pietruszka-e1770729756477-300x200.png 300w, https:\/\/ptasinski-agro.com\/wp-content\/uploads\/2026\/02\/pietruszka-e1770729756477-768x512.png 768w, https:\/\/ptasinski-agro.com\/wp-content\/uploads\/2026\/02\/pietruszka-e1770729756477-1536x1024.png 1536w, https:\/\/ptasinski-agro.com\/wp-content\/uploads\/2026\/02\/pietruszka-e1770729756477-18x12.png 18w, https:\/\/ptasinski-agro.com\/wp-content\/uploads\/2026\/02\/pietruszka-e1770729756477.png 2048w\" sizes=\"(max-width: 800px) 100vw, 800px\" \/>\t\t\t\t\t\t\t\t<\/a>\r\n\t\t\t\t\t\t\t\t\t\t\t\t\t<\/div>\r\n\t\t\t\t<\/div>\r\n\t\t\t\t<div class=\"elementor-element elementor-element-465b397 elementor-widget elementor-widget-heading\" data-id=\"465b397\" data-element_type=\"widget\" data-widget_type=\"heading.default\">\r\n\t\t\t\t<div class=\"elementor-widget-container\">\r\n\t\t\t<h2 class=\"elementor-heading-title elementor-size-default\">Dried parsley root<\/h2>\t\t<\/div>\r\n\t\t\t\t<\/div>\r\n\t\t\t\t<div class=\"elementor-element elementor-element-32e1cf2 elementor-widget elementor-widget-heading\" data-id=\"32e1cf2\" data-element_type=\"widget\" data-widget_type=\"heading.default\">\r\n\t\t\t\t<div class=\"elementor-widget-container\">\r\n\t\t\t<h2 class=\"elementor-heading-title elementor-size-default\">FLAKES 10\u00d710\u00d72 mm<\/h2>\t\t<\/div>\r\n\t\t\t\t<\/div>\r\n\t\t\t\t<\/div>\r\n\t\t\t\t<\/div>\r\n\t\t\t\t\t<\/div>\r\n\t\t\t\t<\/div>\r\n\t\t<div class=\"elementor-element elementor-element-6bce015 e-flex e-con-boxed e-con e-parent\" data-id=\"6bce015\" data-element_type=\"container\" data-settings=\"{&quot;background_background&quot;:&quot;classic&quot;}\">\r\n\t\t\t\t\t<div class=\"e-con-inner\">\r\n\t\t\t\t<div class=\"elementor-element elementor-element-9efd284 elementor-widget elementor-widget-heading\" data-id=\"9efd284\" data-element_type=\"widget\" data-widget_type=\"heading.default\">\r\n\t\t\t\t<div class=\"elementor-widget-container\">\r\n\t\t\t<h2 class=\"elementor-heading-title elementor-size-default\">Other cutting sizes are available upon request.<\/h2>\t\t<\/div>\r\n\t\t\t\t<\/div>\r\n\t\t\t\t\t<\/div>\r\n\t\t\t\t<\/div>\r\n\t\t<div class=\"elementor-element elementor-element-0aab51d e-flex e-con-boxed e-con e-parent\" data-id=\"0aab51d\" data-element_type=\"container\">\r\n\t\t\t\t\t<div class=\"e-con-inner\">\r\n\t\t\t\t<div class=\"elementor-element elementor-element-938393f elementor-widget elementor-widget-image\" data-id=\"938393f\" data-element_type=\"widget\" data-widget_type=\"image.default\">\r\n\t\t\t\t<div class=\"elementor-widget-container\">\r\n\t\t\t\t\t\t\t\t\t\t\t\t\t<img loading=\"lazy\" decoding=\"async\" width=\"800\" height=\"534\" src=\"https:\/\/ptasinski-agro.com\/wp-content\/uploads\/2026\/02\/wymiary-1024x683.jpg\" class=\"attachment-large size-large wp-image-880\" alt=\"\" srcset=\"https:\/\/ptasinski-agro.com\/wp-content\/uploads\/2026\/02\/wymiary-1024x683.jpg 1024w, https:\/\/ptasinski-agro.com\/wp-content\/uploads\/2026\/02\/wymiary-300x200.jpg 300w, https:\/\/ptasinski-agro.com\/wp-content\/uploads\/2026\/02\/wymiary-768x512.jpg 768w, https:\/\/ptasinski-agro.com\/wp-content\/uploads\/2026\/02\/wymiary-1536x1024.jpg 1536w, https:\/\/ptasinski-agro.com\/wp-content\/uploads\/2026\/02\/wymiary-2048x1365.jpg 2048w, https:\/\/ptasinski-agro.com\/wp-content\/uploads\/2026\/02\/wymiary-18x12.jpg 18w\" sizes=\"(max-width: 800px) 100vw, 800px\" \/>\t\t\t\t\t\t\t\t\t\t\t\t\t<\/div>\r\n\t\t\t\t<\/div>\r\n\t\t\t\t\t<\/div>\r\n\t\t\t\t<\/div>\r\n\t\t\t\t<\/div>","protected":false},"excerpt":{"rendered":"<p>SKLEP Suszona marchew P\u0141ATEK 10x10x2 mm Suszona marchew P\u0141ATEK 16x16x2 mm Suszona marchew PASEK 3x3x30 mm Suszona marchew PASEK 2x2x10 mm Suszony pasternak P\u0141ATEK 10x10x2 mm Suszona pietruszka korzeniowa P\u0141ATEK 10x10x2 mm Na \u017cyczenie klienta suszymy marchew, pietruszk\u0119 korzeniow\u0105 oraz pasternak r\u00f3wnie\u017c w innych rozmiarach ci\u0119cia.<\/p>","protected":false},"author":1,"featured_media":0,"parent":0,"menu_order":0,"comment_status":"closed","ping_status":"closed","template":"","meta":{"footnotes":""},"class_list":["post-573","page","type-page","status-publish","hentry"],"_links":{"self":[{"href":"https:\/\/ptasinski-agro.com\/en\/wp-json\/wp\/v2\/pages\/573","targetHints":{"allow":["GET"]}}],"collection":[{"href":"https:\/\/ptasinski-agro.com\/en\/wp-json\/wp\/v2\/pages"}],"about":[{"href":"https:\/\/ptasinski-agro.com\/en\/wp-json\/wp\/v2\/types\/page"}],"author":[{"embeddable":true,"href":"https:\/\/ptasinski-agro.com\/en\/wp-json\/wp\/v2\/users\/1"}],"replies":[{"embeddable":true,"href":"https:\/\/ptasinski-agro.com\/en\/wp-json\/wp\/v2\/comments?post=573"}],"version-history":[{"count":25,"href":"https:\/\/ptasinski-agro.com\/en\/wp-json\/wp\/v2\/pages\/573\/revisions"}],"predecessor-version":[{"id":1012,"href":"https:\/\/ptasinski-agro.com\/en\/wp-json\/wp\/v2\/pages\/573\/revisions\/1012"}],"wp:attachment":[{"href":"https:\/\/ptasinski-agro.com\/en\/wp-json\/wp\/v2\/media?parent=573"}],"curies":[{"name":"wp","href":"https:\/\/api.w.org\/{rel}","templated":true}]}}