{"id":14,"date":"2025-12-15T20:06:30","date_gmt":"2025-12-15T19:06:30","guid":{"rendered":"https:\/\/ptasinski-agro.com\/?page_id=14"},"modified":"2026-05-06T09:13:53","modified_gmt":"2026-05-06T07:13:53","slug":"o-nas","status":"publish","type":"page","link":"https:\/\/ptasinski-agro.com\/ja\/o-nas\/","title":{"rendered":"\u79c1\u305f\u3061\u306b\u3064\u3044\u3066"},"content":{"rendered":"<div data-elementor-type=\"wp-page\" data-elementor-id=\"14\" class=\"elementor elementor-14\" data-elementor-post-type=\"page\">\r\n\t\t\t\t<div class=\"elementor-element elementor-element-b69ebd7 e-flex e-con-boxed e-con e-parent\" data-id=\"b69ebd7\" data-element_type=\"container\" data-settings=\"{&quot;background_background&quot;:&quot;classic&quot;}\">\r\n\t\t\t\t\t<div class=\"e-con-inner\">\r\n\t\t\t\t<div class=\"elementor-element elementor-element-6e40a12 elementor-widget elementor-widget-heading\" data-id=\"6e40a12\" data-element_type=\"widget\" data-widget_type=\"heading.default\">\r\n\t\t\t\t<div class=\"elementor-widget-container\">\r\n\t\t\t<style>\/*! elementor - v3.23.0 - 15-07-2024 *\/\r\n.elementor-heading-title{padding:0;margin:0;line-height:1}.elementor-widget-heading .elementor-heading-title[class*=elementor-size-]>a{color:inherit;font-size:inherit;line-height:inherit}.elementor-widget-heading .elementor-heading-title.elementor-size-small{font-size:15px}.elementor-widget-heading .elementor-heading-title.elementor-size-medium{font-size:19px}.elementor-widget-heading .elementor-heading-title.elementor-size-large{font-size:29px}.elementor-widget-heading .elementor-heading-title.elementor-size-xl{font-size:39px}.elementor-widget-heading .elementor-heading-title.elementor-size-xxl{font-size:59px}<\/style><h2 class=\"elementor-heading-title elementor-size-default\">\u79c1\u305f\u3061\u306b\u3064\u3044\u3066<\/h2>\t\t<\/div>\r\n\t\t\t\t<\/div>\r\n\t\t\t\t<div class=\"elementor-element elementor-element-461e573 elementor-widget-divider--view-line elementor-widget elementor-widget-divider\" data-id=\"461e573\" data-element_type=\"widget\" data-widget_type=\"divider.default\">\r\n\t\t\t\t<div class=\"elementor-widget-container\">\r\n\t\t\t<style>\/*! elementor - v3.23.0 - 15-07-2024 *\/\r\n.elementor-widget-divider{--divider-border-style:none;--divider-border-width:1px;--divider-color:#0c0d0e;--divider-icon-size:20px;--divider-element-spacing:10px;--divider-pattern-height:24px;--divider-pattern-size:20px;--divider-pattern-url:none;--divider-pattern-repeat:repeat-x}.elementor-widget-divider .elementor-divider{display:flex}.elementor-widget-divider .elementor-divider__text{font-size:15px;line-height:1;max-width:95%}.elementor-widget-divider .elementor-divider__element{margin:0 var(--divider-element-spacing);flex-shrink:0}.elementor-widget-divider .elementor-icon{font-size:var(--divider-icon-size)}.elementor-widget-divider .elementor-divider-separator{display:flex;margin:0;direction:ltr}.elementor-widget-divider--view-line_icon .elementor-divider-separator,.elementor-widget-divider--view-line_text .elementor-divider-separator{align-items:center}.elementor-widget-divider--view-line_icon .elementor-divider-separator:after,.elementor-widget-divider--view-line_icon .elementor-divider-separator:before,.elementor-widget-divider--view-line_text .elementor-divider-separator:after,.elementor-widget-divider--view-line_text .elementor-divider-separator:before{display:block;content:\"\";border-block-end:0;flex-grow:1;border-block-start:var(--divider-border-width) var(--divider-border-style) var(--divider-color)}.elementor-widget-divider--element-align-left .elementor-divider .elementor-divider-separator>.elementor-divider__svg:first-of-type{flex-grow:0;flex-shrink:100}.elementor-widget-divider--element-align-left .elementor-divider-separator:before{content:none}.elementor-widget-divider--element-align-left .elementor-divider__element{margin-left:0}.elementor-widget-divider--element-align-right .elementor-divider .elementor-divider-separator>.elementor-divider__svg:last-of-type{flex-grow:0;flex-shrink:100}.elementor-widget-divider--element-align-right .elementor-divider-separator:after{content:none}.elementor-widget-divider--element-align-right .elementor-divider__element{margin-right:0}.elementor-widget-divider--element-align-start .elementor-divider .elementor-divider-separator>.elementor-divider__svg:first-of-type{flex-grow:0;flex-shrink:100}.elementor-widget-divider--element-align-start .elementor-divider-separator:before{content:none}.elementor-widget-divider--element-align-start .elementor-divider__element{margin-inline-start:0}.elementor-widget-divider--element-align-end .elementor-divider .elementor-divider-separator>.elementor-divider__svg:last-of-type{flex-grow:0;flex-shrink:100}.elementor-widget-divider--element-align-end .elementor-divider-separator:after{content:none}.elementor-widget-divider--element-align-end .elementor-divider__element{margin-inline-end:0}.elementor-widget-divider:not(.elementor-widget-divider--view-line_text):not(.elementor-widget-divider--view-line_icon) .elementor-divider-separator{border-block-start:var(--divider-border-width) var(--divider-border-style) var(--divider-color)}.elementor-widget-divider--separator-type-pattern{--divider-border-style:none}.elementor-widget-divider--separator-type-pattern.elementor-widget-divider--view-line .elementor-divider-separator,.elementor-widget-divider--separator-type-pattern:not(.elementor-widget-divider--view-line) .elementor-divider-separator:after,.elementor-widget-divider--separator-type-pattern:not(.elementor-widget-divider--view-line) .elementor-divider-separator:before,.elementor-widget-divider--separator-type-pattern:not([class*=elementor-widget-divider--view]) .elementor-divider-separator{width:100%;min-height:var(--divider-pattern-height);-webkit-mask-size:var(--divider-pattern-size) 100%;mask-size:var(--divider-pattern-size) 100%;-webkit-mask-repeat:var(--divider-pattern-repeat);mask-repeat:var(--divider-pattern-repeat);background-color:var(--divider-color);-webkit-mask-image:var(--divider-pattern-url);mask-image:var(--divider-pattern-url)}.elementor-widget-divider--no-spacing{--divider-pattern-size:auto}.elementor-widget-divider--bg-round{--divider-pattern-repeat:round}.rtl .elementor-widget-divider .elementor-divider__text{direction:rtl}.e-con-inner>.elementor-widget-divider,.e-con>.elementor-widget-divider{width:var(--container-widget-width,100%);--flex-grow:var(--container-widget-flex-grow)}<\/style>\t\t<div class=\"elementor-divider\">\r\n\t\t\t<span class=\"elementor-divider-separator\">\r\n\t\t\t\t\t\t<\/span>\r\n\t\t<\/div>\r\n\t\t\t\t<\/div>\r\n\t\t\t\t<\/div>\r\n\t\t\t\t\t<\/div>\r\n\t\t\t\t<\/div>\r\n\t\t<div class=\"elementor-element elementor-element-b233fd9 e-flex e-con-boxed e-con e-parent\" data-id=\"b233fd9\" data-element_type=\"container\">\r\n\t\t\t\t\t<div class=\"e-con-inner\">\r\n\t\t<div class=\"elementor-element elementor-element-f03eb82 e-con-full e-flex e-con e-child\" data-id=\"f03eb82\" data-element_type=\"container\">\r\n\t\t\t\t<div class=\"elementor-element elementor-element-f2f7656 elementor-widget elementor-widget-heading\" data-id=\"f2f7656\" data-element_type=\"widget\" data-widget_type=\"heading.default\">\r\n\t\t\t\t<div class=\"elementor-widget-container\">\r\n\t\t\t<h2 class=\"elementor-heading-title elementor-size-default\">Nasza rodzinna firma, Family Farm Ptasi\u0144ski, specjalizuje si\u0119 w produkcji oraz dystrybucji suszonych warzyw najwy\u017cszej jako\u015bci. Warzywa suszymy metod\u0105 dehydratacji, wykorzystuj\u0105c wy\u0142\u0105cznie naturalne procesy, bez stosowania chemicznej obr\u00f3bki. \nDo produkcji wykorzystujemy wy\u0142\u0105cznie warzywa pochodz\u0105ce z w\u0142asnych upraw, prowadzonych na area\u0142ach licz\u0105cych oko\u0142o 1000 hektar\u00f3w. Dzi\u0119ki temu maksymalny czas od zbioru do rozpocz\u0119cia produkcji wynosi zaledwie 24 godziny. W\u0142asne uprawy stanowi\u0105 gwarancj\u0119 pe\u0142nej kontroli nad ca\u0142ym \u0142a\u0144cuchem dostaw \u2013 od pola a\u017c po gotowy produkt trafiaj\u0105cy do klienta.<\/h2>\t\t<\/div>\r\n\t\t\t\t<\/div>\r\n\t\t\t\t<\/div>\r\n\t\t<div class=\"elementor-element elementor-element-9c94593 e-con-full e-flex e-con e-child\" data-id=\"9c94593\" data-element_type=\"container\">\r\n\t\t\t\t<div class=\"elementor-element elementor-element-43aa165 elementor-widget elementor-widget-image\" data-id=\"43aa165\" data-element_type=\"widget\" data-widget_type=\"image.default\">\r\n\t\t\t\t<div class=\"elementor-widget-container\">\r\n\t\t\t<style>\/*! elementor - v3.23.0 - 15-07-2024 *\/\r\n.elementor-widget-image{text-align:center}.elementor-widget-image a{display:inline-block}.elementor-widget-image a img[src$=\".svg\"]{width:48px}.elementor-widget-image img{vertical-align:middle;display:inline-block}<\/style>\t\t\t\t\t\t\t\t\t\t<img fetchpriority=\"high\" decoding=\"async\" width=\"800\" height=\"534\" src=\"https:\/\/ptasinski-agro.com\/wp-content\/uploads\/2025\/12\/MG_8470-1024x683.jpg\" class=\"attachment-large size-large wp-image-147\" alt=\"\" srcset=\"https:\/\/ptasinski-agro.com\/wp-content\/uploads\/2025\/12\/MG_8470-1024x683.jpg 1024w, https:\/\/ptasinski-agro.com\/wp-content\/uploads\/2025\/12\/MG_8470-300x200.jpg 300w, https:\/\/ptasinski-agro.com\/wp-content\/uploads\/2025\/12\/MG_8470-768x512.jpg 768w, https:\/\/ptasinski-agro.com\/wp-content\/uploads\/2025\/12\/MG_8470-1536x1024.jpg 1536w, https:\/\/ptasinski-agro.com\/wp-content\/uploads\/2025\/12\/MG_8470-2048x1365.jpg 2048w\" sizes=\"(max-width: 800px) 100vw, 800px\" \/>\t\t\t\t\t\t\t\t\t\t\t\t\t<\/div>\r\n\t\t\t\t<\/div>\r\n\t\t\t\t<\/div>\r\n\t\t\t\t\t<\/div>\r\n\t\t\t\t<\/div>\r\n\t\t<div class=\"elementor-element elementor-element-c1dfab0 e-flex e-con-boxed e-con e-parent\" data-id=\"c1dfab0\" data-element_type=\"container\">\r\n\t\t\t\t\t<div class=\"e-con-inner\">\r\n\t\t<div class=\"elementor-element elementor-element-03a7865 e-con-full e-flex e-con e-child\" data-id=\"03a7865\" data-element_type=\"container\">\r\n\t\t\t\t<div class=\"elementor-element elementor-element-b8c09af elementor-widget elementor-widget-heading\" data-id=\"b8c09af\" data-element_type=\"widget\" data-widget_type=\"heading.default\">\r\n\t\t\t\t<div class=\"elementor-widget-container\">\r\n\t\t\t<h2 class=\"elementor-heading-title elementor-size-default\">Ka\u017cdego roku produkujemy ponad 2000 ton suszonych warzyw. Priorytetem naszej dzia\u0142alno\u015bci jest niezmiennie najwy\u017csza jako\u015b\u0107 produkt\u00f3w oraz zapewnienie wysokich standard\u00f3w obs\u0142ugi klienta. Nasze wyroby trafiaj\u0105 zar\u00f3wno na rynek krajowy, jak i do odbiorc\u00f3w w krajach Unii Europejskiej.<\/h2>\t\t<\/div>\r\n\t\t\t\t<\/div>\r\n\t\t\t\t<\/div>\r\n\t\t\t\t\t<\/div>\r\n\t\t\t\t<\/div>\r\n\t\t\t\t<\/div>","protected":false},"excerpt":{"rendered":"<p>O NAS Nasza rodzinna firma, Family Farm Ptasi\u0144ski, specjalizuje si\u0119 w produkcji oraz dystrybucji suszonych warzyw najwy\u017cszej jako\u015bci. Warzywa suszymy metod\u0105 dehydratacji, wykorzystuj\u0105c wy\u0142\u0105cznie naturalne procesy, bez stosowania chemicznej obr\u00f3bki. Do produkcji wykorzystujemy wy\u0142\u0105cznie warzywa pochodz\u0105ce z w\u0142asnych upraw, prowadzonych na area\u0142ach licz\u0105cych oko\u0142o 1000 hektar\u00f3w. Dzi\u0119ki temu maksymalny czas od zbioru do rozpocz\u0119cia produkcji wynosi zaledwie 24 godziny. W\u0142asne uprawy stanowi\u0105 gwarancj\u0119 pe\u0142nej kontroli nad ca\u0142ym \u0142a\u0144cuchem dostaw \u2013 od pola a\u017c po gotowy produkt trafiaj\u0105cy do klienta. Ka\u017cdego roku produkujemy ponad 2000 ton suszonych warzyw. Priorytetem naszej dzia\u0142alno\u015bci jest niezmiennie najwy\u017csza jako\u015b\u0107 produkt\u00f3w oraz zapewnienie wysokich standard\u00f3w obs\u0142ugi klienta. Nasze wyroby trafiaj\u0105 zar\u00f3wno na rynek krajowy, jak i [&hellip;]<\/p>","protected":false},"author":1,"featured_media":0,"parent":0,"menu_order":0,"comment_status":"closed","ping_status":"closed","template":"","meta":{"footnotes":""},"class_list":["post-14","page","type-page","status-publish","hentry"],"_links":{"self":[{"href":"https:\/\/ptasinski-agro.com\/ja\/wp-json\/wp\/v2\/pages\/14","targetHints":{"allow":["GET"]}}],"collection":[{"href":"https:\/\/ptasinski-agro.com\/ja\/wp-json\/wp\/v2\/pages"}],"about":[{"href":"https:\/\/ptasinski-agro.com\/ja\/wp-json\/wp\/v2\/types\/page"}],"author":[{"embeddable":true,"href":"https:\/\/ptasinski-agro.com\/ja\/wp-json\/wp\/v2\/users\/1"}],"replies":[{"embeddable":true,"href":"https:\/\/ptasinski-agro.com\/ja\/wp-json\/wp\/v2\/comments?post=14"}],"version-history":[{"count":47,"href":"https:\/\/ptasinski-agro.com\/ja\/wp-json\/wp\/v2\/pages\/14\/revisions"}],"predecessor-version":[{"id":1006,"href":"https:\/\/ptasinski-agro.com\/ja\/wp-json\/wp\/v2\/pages\/14\/revisions\/1006"}],"wp:attachment":[{"href":"https:\/\/ptasinski-agro.com\/ja\/wp-json\/wp\/v2\/media?parent=14"}],"curies":[{"name":"wp","href":"https:\/\/api.w.org\/{rel}","templated":true}]}}