{"id":70,"date":"2025-12-30T06:53:16","date_gmt":"2025-12-30T05:53:16","guid":{"rendered":"https:\/\/ptasinski-agro.com\/?page_id=70"},"modified":"2026-05-06T09:12:35","modified_gmt":"2026-05-06T07:12:35","slug":"produkcja","status":"publish","type":"page","link":"https:\/\/ptasinski-agro.com\/ja\/produkcja\/","title":{"rendered":"\u751f\u7523"},"content":{"rendered":"<div data-elementor-type=\"wp-page\" data-elementor-id=\"70\" class=\"elementor elementor-70\" data-elementor-post-type=\"page\">\r\n\t\t\t\t<div class=\"elementor-element elementor-element-7954588 e-flex e-con-boxed e-con e-parent\" data-id=\"7954588\" data-element_type=\"container\" data-settings=\"{&quot;background_background&quot;:&quot;classic&quot;}\">\r\n\t\t\t\t\t<div class=\"e-con-inner\">\r\n\t\t\t\t<div class=\"elementor-element elementor-element-bdb2d2f elementor-widget elementor-widget-heading\" data-id=\"bdb2d2f\" data-element_type=\"widget\" data-widget_type=\"heading.default\">\r\n\t\t\t\t<div class=\"elementor-widget-container\">\r\n\t\t\t<style>\/*! elementor - v3.23.0 - 15-07-2024 *\/\r\n.elementor-heading-title{padding:0;margin:0;line-height:1}.elementor-widget-heading .elementor-heading-title[class*=elementor-size-]>a{color:inherit;font-size:inherit;line-height:inherit}.elementor-widget-heading .elementor-heading-title.elementor-size-small{font-size:15px}.elementor-widget-heading .elementor-heading-title.elementor-size-medium{font-size:19px}.elementor-widget-heading .elementor-heading-title.elementor-size-large{font-size:29px}.elementor-widget-heading .elementor-heading-title.elementor-size-xl{font-size:39px}.elementor-widget-heading .elementor-heading-title.elementor-size-xxl{font-size:59px}<\/style><h2 class=\"elementor-heading-title elementor-size-default\">\u751f\u7523<\/h2>\t\t<\/div>\r\n\t\t\t\t<\/div>\r\n\t\t\t\t<div class=\"elementor-element elementor-element-70083f6 elementor-widget-divider--view-line elementor-widget elementor-widget-divider\" data-id=\"70083f6\" data-element_type=\"widget\" data-widget_type=\"divider.default\">\r\n\t\t\t\t<div class=\"elementor-widget-container\">\r\n\t\t\t<style>\/*! elementor - v3.23.0 - 15-07-2024 *\/\r\n.elementor-widget-divider{--divider-border-style:none;--divider-border-width:1px;--divider-color:#0c0d0e;--divider-icon-size:20px;--divider-element-spacing:10px;--divider-pattern-height:24px;--divider-pattern-size:20px;--divider-pattern-url:none;--divider-pattern-repeat:repeat-x}.elementor-widget-divider .elementor-divider{display:flex}.elementor-widget-divider .elementor-divider__text{font-size:15px;line-height:1;max-width:95%}.elementor-widget-divider .elementor-divider__element{margin:0 var(--divider-element-spacing);flex-shrink:0}.elementor-widget-divider .elementor-icon{font-size:var(--divider-icon-size)}.elementor-widget-divider .elementor-divider-separator{display:flex;margin:0;direction:ltr}.elementor-widget-divider--view-line_icon .elementor-divider-separator,.elementor-widget-divider--view-line_text .elementor-divider-separator{align-items:center}.elementor-widget-divider--view-line_icon .elementor-divider-separator:after,.elementor-widget-divider--view-line_icon .elementor-divider-separator:before,.elementor-widget-divider--view-line_text .elementor-divider-separator:after,.elementor-widget-divider--view-line_text .elementor-divider-separator:before{display:block;content:\"\";border-block-end:0;flex-grow:1;border-block-start:var(--divider-border-width) var(--divider-border-style) var(--divider-color)}.elementor-widget-divider--element-align-left .elementor-divider .elementor-divider-separator>.elementor-divider__svg:first-of-type{flex-grow:0;flex-shrink:100}.elementor-widget-divider--element-align-left .elementor-divider-separator:before{content:none}.elementor-widget-divider--element-align-left .elementor-divider__element{margin-left:0}.elementor-widget-divider--element-align-right .elementor-divider .elementor-divider-separator>.elementor-divider__svg:last-of-type{flex-grow:0;flex-shrink:100}.elementor-widget-divider--element-align-right .elementor-divider-separator:after{content:none}.elementor-widget-divider--element-align-right .elementor-divider__element{margin-right:0}.elementor-widget-divider--element-align-start .elementor-divider .elementor-divider-separator>.elementor-divider__svg:first-of-type{flex-grow:0;flex-shrink:100}.elementor-widget-divider--element-align-start .elementor-divider-separator:before{content:none}.elementor-widget-divider--element-align-start .elementor-divider__element{margin-inline-start:0}.elementor-widget-divider--element-align-end .elementor-divider .elementor-divider-separator>.elementor-divider__svg:last-of-type{flex-grow:0;flex-shrink:100}.elementor-widget-divider--element-align-end .elementor-divider-separator:after{content:none}.elementor-widget-divider--element-align-end .elementor-divider__element{margin-inline-end:0}.elementor-widget-divider:not(.elementor-widget-divider--view-line_text):not(.elementor-widget-divider--view-line_icon) .elementor-divider-separator{border-block-start:var(--divider-border-width) var(--divider-border-style) var(--divider-color)}.elementor-widget-divider--separator-type-pattern{--divider-border-style:none}.elementor-widget-divider--separator-type-pattern.elementor-widget-divider--view-line .elementor-divider-separator,.elementor-widget-divider--separator-type-pattern:not(.elementor-widget-divider--view-line) .elementor-divider-separator:after,.elementor-widget-divider--separator-type-pattern:not(.elementor-widget-divider--view-line) .elementor-divider-separator:before,.elementor-widget-divider--separator-type-pattern:not([class*=elementor-widget-divider--view]) .elementor-divider-separator{width:100%;min-height:var(--divider-pattern-height);-webkit-mask-size:var(--divider-pattern-size) 100%;mask-size:var(--divider-pattern-size) 100%;-webkit-mask-repeat:var(--divider-pattern-repeat);mask-repeat:var(--divider-pattern-repeat);background-color:var(--divider-color);-webkit-mask-image:var(--divider-pattern-url);mask-image:var(--divider-pattern-url)}.elementor-widget-divider--no-spacing{--divider-pattern-size:auto}.elementor-widget-divider--bg-round{--divider-pattern-repeat:round}.rtl .elementor-widget-divider .elementor-divider__text{direction:rtl}.e-con-inner>.elementor-widget-divider,.e-con>.elementor-widget-divider{width:var(--container-widget-width,100%);--flex-grow:var(--container-widget-flex-grow)}<\/style>\t\t<div class=\"elementor-divider\">\r\n\t\t\t<span class=\"elementor-divider-separator\">\r\n\t\t\t\t\t\t<\/span>\r\n\t\t<\/div>\r\n\t\t\t\t<\/div>\r\n\t\t\t\t<\/div>\r\n\t\t\t\t\t<\/div>\r\n\t\t\t\t<\/div>\r\n\t\t<div class=\"elementor-element elementor-element-17f54c1 e-flex e-con-boxed e-con e-parent\" data-id=\"17f54c1\" data-element_type=\"container\">\r\n\t\t\t\t\t<div class=\"e-con-inner\">\r\n\t\t<div class=\"elementor-element elementor-element-8cff03c e-con-full e-flex e-con e-child\" data-id=\"8cff03c\" data-element_type=\"container\">\r\n\t\t\t\t<div class=\"elementor-element elementor-element-e556b2f elementor-widget elementor-widget-heading\" data-id=\"e556b2f\" data-element_type=\"widget\" data-widget_type=\"heading.default\">\r\n\t\t\t\t<div class=\"elementor-widget-container\">\r\n\t\t\t<h2 class=\"elementor-heading-title elementor-size-default\">Stosowana przez nas technologia dehydratacji nale\u017cy do najstarszych i jednocze\u015bnie najskuteczniejszych metod konserwowania \u017cywno\u015bci. Proces suszenia polega na odparowaniu wody ze \u015bwie\u017cych warzyw przy u\u017cyciu gor\u0105cego powietrza, bez stosowania jakichkolwiek \u015brodk\u00f3w chemicznych. Dzi\u0119ki temu suszone warzywa zachowuj\u0105 cenne warto\u015bci od\u017cywcze, w tym sk\u0142adniki mineralne i witaminy, zbli\u017cone do tych obecnych w \u015bwie\u017cym surowcu. Ca\u0142a produkcja prowadzona jest zgodnie z systemem HACCP, gwarantuj\u0105cym bezpiecze\u0144stwo i najwy\u017csze standardy jako\u015bci.<\/h2>\t\t<\/div>\r\n\t\t\t\t<\/div>\r\n\t\t\t\t<\/div>\r\n\t\t<div class=\"elementor-element elementor-element-aeba298 e-con-full e-flex e-con e-child\" data-id=\"aeba298\" data-element_type=\"container\">\r\n\t\t\t\t<div class=\"elementor-element elementor-element-057d4c9 elementor-widget elementor-widget-image\" data-id=\"057d4c9\" data-element_type=\"widget\" data-widget_type=\"image.default\">\r\n\t\t\t\t<div class=\"elementor-widget-container\">\r\n\t\t\t<style>\/*! elementor - v3.23.0 - 15-07-2024 *\/\r\n.elementor-widget-image{text-align:center}.elementor-widget-image a{display:inline-block}.elementor-widget-image a img[src$=\".svg\"]{width:48px}.elementor-widget-image img{vertical-align:middle;display:inline-block}<\/style>\t\t\t\t\t\t\t\t\t\t<img fetchpriority=\"high\" decoding=\"async\" width=\"800\" height=\"534\" src=\"https:\/\/ptasinski-agro.com\/wp-content\/uploads\/2025\/12\/IMG_0203-1024x683.jpg\" class=\"attachment-large size-large wp-image-179\" alt=\"\" srcset=\"https:\/\/ptasinski-agro.com\/wp-content\/uploads\/2025\/12\/IMG_0203-1024x683.jpg 1024w, https:\/\/ptasinski-agro.com\/wp-content\/uploads\/2025\/12\/IMG_0203-300x200.jpg 300w, https:\/\/ptasinski-agro.com\/wp-content\/uploads\/2025\/12\/IMG_0203-768x512.jpg 768w, https:\/\/ptasinski-agro.com\/wp-content\/uploads\/2025\/12\/IMG_0203-1536x1024.jpg 1536w, https:\/\/ptasinski-agro.com\/wp-content\/uploads\/2025\/12\/IMG_0203-2048x1365.jpg 2048w\" sizes=\"(max-width: 800px) 100vw, 800px\" \/>\t\t\t\t\t\t\t\t\t\t\t\t\t<\/div>\r\n\t\t\t\t<\/div>\r\n\t\t\t\t<\/div>\r\n\t\t\t\t\t<\/div>\r\n\t\t\t\t<\/div>\r\n\t\t<div class=\"elementor-element elementor-element-7ea4238 e-flex e-con-boxed e-con e-parent\" data-id=\"7ea4238\" data-element_type=\"container\">\r\n\t\t\t\t\t<div class=\"e-con-inner\">\r\n\t\t<div class=\"elementor-element elementor-element-e7a386f e-con-full e-flex e-con e-child\" data-id=\"e7a386f\" data-element_type=\"container\">\r\n\t\t\t\t<div class=\"elementor-element elementor-element-288ad96 elementor-widget elementor-widget-heading\" data-id=\"288ad96\" data-element_type=\"widget\" data-widget_type=\"heading.default\">\r\n\t\t\t\t<div class=\"elementor-widget-container\">\r\n\t\t\t<h2 class=\"elementor-heading-title elementor-size-default\">Proces suszenia odbywa si\u0119 na nowoczesnych liniach technologicznych wykonanych ze stali kwasoodpornej oraz materia\u0142\u00f3w posiadaj\u0105cych certyfikaty dopuszczaj\u0105ce do kontaktu z \u017cywno\u015bci\u0105. Specjalizujemy si\u0119 przede wszystkim w produkcji trzech warzyw korzeniowych: marchwi, pasternaku oraz pietruszki korzeniowej. Skoncentrowanie dzia\u0142alno\u015bci na wybranych gatunkach pozwala nam zapewni\u0107 stabilne dostawy produkt\u00f3w o niezmiennie wysokiej jako\u015bci i konkurencyjnej cenie.<\/h2>\t\t<\/div>\r\n\t\t\t\t<\/div>\r\n\t\t\t\t<div class=\"elementor-element elementor-element-152c58f elementor-widget elementor-widget-heading\" data-id=\"152c58f\" data-element_type=\"widget\" data-widget_type=\"heading.default\">\r\n\t\t\t\t<div class=\"elementor-widget-container\">\r\n\t\t\t<h2 class=\"elementor-heading-title elementor-size-default\">Wszystkie warzywa wykorzystywane do produkcji pochodz\u0105 wy\u0142\u0105cznie z naszych w\u0142asnych plantacji. Proces powstawania suszonych warzyw rozpoczyna si\u0119 ju\u017c na etapie planowania upraw oraz siewu. Dzi\u0119ki wysokiej kulturze rolnej, do\u015bwiadczeniu oraz wykorzystaniu nowoczesnych technologii rolnictwa precyzyjnego jeste\u015bmy w stanie uzyskiwa\u0107 du\u017ce wolumeny surowca o jednorodnej, bardzo wysokiej jako\u015bci. W\u0142asne uprawy daj\u0105 nam pe\u0142n\u0105 kontrol\u0119 nad produktem od momentu zasiewu, a jednocze\u015bnie uniezale\u017cniaj\u0105 od zewn\u0119trznych dostawc\u00f3w, co czyni nas pewnym i stabilnym partnerem biznesowym.<\/h2>\t\t<\/div>\r\n\t\t\t\t<\/div>\r\n\t\t\t\t<\/div>\r\n\t\t\t\t\t<\/div>\r\n\t\t\t\t<\/div>\r\n\t\t<div class=\"elementor-element elementor-element-696d267 e-flex e-con-boxed e-con e-parent\" data-id=\"696d267\" data-element_type=\"container\">\r\n\t\t\t\t\t<div class=\"e-con-inner\">\r\n\t\t<div class=\"elementor-element elementor-element-cdf4ff8 e-con-full e-flex e-con e-child\" data-id=\"cdf4ff8\" data-element_type=\"container\" data-settings=\"{&quot;background_background&quot;:&quot;classic&quot;}\">\r\n\t\t\t\t<\/div>\r\n\t\t<div class=\"elementor-element elementor-element-2e9d2dd e-con-full e-flex e-con e-child\" data-id=\"2e9d2dd\" data-element_type=\"container\">\r\n\t\t\t\t<div class=\"elementor-element elementor-element-23bb3ac elementor-widget elementor-widget-heading\" data-id=\"23bb3ac\" data-element_type=\"widget\" data-widget_type=\"heading.default\">\r\n\t\t\t\t<div class=\"elementor-widget-container\">\r\n\t\t\t<h2 class=\"elementor-heading-title elementor-size-default\">Warzywa zbierane z pola ka\u017cdego dnia trafiaj\u0105 bezpo\u015brednio do zak\u0142adu produkcyjnego, co pozwala maksymalnie skr\u00f3ci\u0107 \u0142a\u0144cuch dostaw i zachowa\u0107 \u015bwie\u017co\u015b\u0107 surowca. Zanim zostan\u0105 poddane suszeniu, przechodz\u0105 wieloetapowy proces doczyszczania, p\u0142ukania oraz mycia czyst\u0105 wod\u0105. Nast\u0119pnie rygorystyczna selekcja sprawia, \u017ce do dalszej produkcji trafiaj\u0105 wy\u0142\u0105cznie warzywa najlepszej jako\u015bci. Kolejnym etapem jest krojenie surowca zgodnie z wymaganiami klienta, po czym produkt poddawany jest sterylizacji cieplnej oraz suszeniu w tunelach wysokotemperaturowych z wykorzystaniem gor\u0105cego strumienia powietrza.<\/h2>\t\t<\/div>\r\n\t\t\t\t<\/div>\r\n\t\t\t\t<\/div>\r\n\t\t\t\t\t<\/div>\r\n\t\t\t\t<\/div>\r\n\t\t<div class=\"elementor-element elementor-element-5607f10 e-flex e-con-boxed e-con e-parent\" data-id=\"5607f10\" data-element_type=\"container\">\r\n\t\t\t\t\t<div class=\"e-con-inner\">\r\n\t\t<div class=\"elementor-element elementor-element-3aa6dad e-con-full e-flex e-con e-child\" data-id=\"3aa6dad\" data-element_type=\"container\">\r\n\t\t\t\t<div class=\"elementor-element elementor-element-1e17d6e elementor-widget elementor-widget-heading\" data-id=\"1e17d6e\" data-element_type=\"widget\" data-widget_type=\"heading.default\">\r\n\t\t\t\t<div class=\"elementor-widget-container\">\r\n\t\t\t<h2 class=\"elementor-heading-title elementor-size-default\">Ko\u0144cowy etap produkcji obejmuje uszlachetnianie produktu oraz szczeg\u00f3\u0142ow\u0105 kontrol\u0119 jako\u015bci. Korzystamy z nowoczesnych rozwi\u0105za\u0144 renomowanych europejskich producent\u00f3w urz\u0105dze\u0144 kontrolnych, takich jak detektory metali czy systemy optycznej selekcji i automatycznego sortowania. Gotowy susz pakowany jest w worki lub kartony papierowe z wewn\u0119trzn\u0105 wk\u0142adk\u0105 polietylenow\u0105 o pojemno\u015bci od 10 do 25 kg netto. Oferujemy r\u00f3wnie\u017c opakowania typu big-bag.<\/h2>\t\t<\/div>\r\n\t\t\t\t<\/div>\r\n\t\t\t\t<div class=\"elementor-element elementor-element-fd6d45d elementor-widget elementor-widget-heading\" data-id=\"fd6d45d\" data-element_type=\"widget\" data-widget_type=\"heading.default\">\r\n\t\t\t\t<div class=\"elementor-widget-container\">\r\n\t\t\t<h2 class=\"elementor-heading-title elementor-size-default\">Przed wysy\u0142k\u0105 do klienta wszystkie produkty przechodz\u0105 ponown\u0105 kontrol\u0119 jako\u015bci, a gotowe susze s\u0105 ka\u017cdorazowo przebierane i odsiewane. Przywi\u0105zujemy najwy\u017csz\u0105 wag\u0119 do jako\u015bci, bezpiecze\u0144stwa oraz niezawodno\u015bci dostaw, dlatego nasze procesy produkcyjne nieustannie doskonalimy, \u0142\u0105cz\u0105c wieloletnie do\u015bwiadczenie z nowoczesn\u0105 technologi\u0105.<\/h2>\t\t<\/div>\r\n\t\t\t\t<\/div>\r\n\t\t\t\t<div class=\"elementor-element elementor-element-3b0ecde elementor-widget elementor-widget-video\" data-id=\"3b0ecde\" data-element_type=\"widget\" data-settings=\"{&quot;youtube_url&quot;:&quot;https:\\\/\\\/www.youtube.com\\\/watch?v=SP5VqGBNtL4&amp;feature=youtu.be&quot;,&quot;video_type&quot;:&quot;youtube&quot;,&quot;controls&quot;:&quot;yes&quot;}\" data-widget_type=\"video.default\">\r\n\t\t\t\t<div class=\"elementor-widget-container\">\r\n\t\t\t<style>\/*! elementor - v3.23.0 - 15-07-2024 *\/\r\n.elementor-widget-video .elementor-widget-container{overflow:hidden;transform:translateZ(0)}.elementor-widget-video .elementor-wrapper{aspect-ratio:var(--video-aspect-ratio)}.elementor-widget-video .elementor-wrapper iframe,.elementor-widget-video .elementor-wrapper video{height:100%;width:100%;display:flex;border:none;background-color:#000}@supports not (aspect-ratio:1\/1){.elementor-widget-video .elementor-wrapper{position:relative;overflow:hidden;height:0;padding-bottom:calc(100% \/ var(--video-aspect-ratio))}.elementor-widget-video .elementor-wrapper iframe,.elementor-widget-video .elementor-wrapper video{position:absolute;top:0;right:0;bottom:0;left:0}}.elementor-widget-video .elementor-open-inline .elementor-custom-embed-image-overlay{position:absolute;top:0;right:0;bottom:0;left:0;background-size:cover;background-position:50%}.elementor-widget-video .elementor-custom-embed-image-overlay{cursor:pointer;text-align:center}.elementor-widget-video .elementor-custom-embed-image-overlay:hover .elementor-custom-embed-play i{opacity:1}.elementor-widget-video .elementor-custom-embed-image-overlay img{display:block;width:100%;aspect-ratio:var(--video-aspect-ratio);-o-object-fit:cover;object-fit:cover;-o-object-position:center center;object-position:center center}@supports not (aspect-ratio:1\/1){.elementor-widget-video .elementor-custom-embed-image-overlay{position:relative;overflow:hidden;height:0;padding-bottom:calc(100% \/ var(--video-aspect-ratio))}.elementor-widget-video .elementor-custom-embed-image-overlay img{position:absolute;top:0;right:0;bottom:0;left:0}}.elementor-widget-video .e-hosted-video .elementor-video{-o-object-fit:cover;object-fit:cover}.e-con-inner>.elementor-widget-video,.e-con>.elementor-widget-video{width:var(--container-widget-width);--flex-grow:var(--container-widget-flex-grow)}<\/style>\t\t<div class=\"elementor-wrapper elementor-open-inline\">\r\n\t\t\t<div class=\"elementor-video\"><\/div>\t\t<\/div>\r\n\t\t\t\t<\/div>\r\n\t\t\t\t<\/div>\r\n\t\t\t\t<div class=\"elementor-element elementor-element-adaab20 elementor-hidden-desktop elementor-hidden-tablet elementor-hidden-mobile elementor-widget elementor-widget-video\" data-id=\"adaab20\" data-element_type=\"widget\" data-settings=\"{&quot;youtube_url&quot;:&quot;https:\\\/\\\/www.youtube.com\\\/watch?v=SP5VqGBNtL4&quot;,&quot;video_type&quot;:&quot;youtube&quot;,&quot;controls&quot;:&quot;yes&quot;}\" data-widget_type=\"video.default\">\r\n\t\t\t\t<div class=\"elementor-widget-container\">\r\n\t\t\t\t\t<div class=\"elementor-wrapper elementor-open-inline\">\r\n\t\t\t<div class=\"elementor-video\"><\/div>\t\t<\/div>\r\n\t\t\t\t<\/div>\r\n\t\t\t\t<\/div>\r\n\t\t\t\t<\/div>\r\n\t\t\t\t\t<\/div>\r\n\t\t\t\t<\/div>\r\n\t\t\t\t<\/div>","protected":false},"excerpt":{"rendered":"<p>PRODUKCJA Stosowana przez nas technologia dehydratacji nale\u017cy do najstarszych i jednocze\u015bnie najskuteczniejszych metod konserwowania \u017cywno\u015bci. Proces suszenia polega na odparowaniu wody ze \u015bwie\u017cych warzyw przy u\u017cyciu gor\u0105cego powietrza, bez stosowania jakichkolwiek \u015brodk\u00f3w chemicznych. Dzi\u0119ki temu suszone warzywa zachowuj\u0105 cenne warto\u015bci od\u017cywcze, w tym sk\u0142adniki mineralne i witaminy, zbli\u017cone do tych obecnych w \u015bwie\u017cym surowcu. Ca\u0142a produkcja prowadzona jest zgodnie z systemem HACCP, gwarantuj\u0105cym bezpiecze\u0144stwo i najwy\u017csze standardy jako\u015bci. Proces suszenia odbywa si\u0119 na nowoczesnych liniach technologicznych wykonanych ze stali kwasoodpornej oraz materia\u0142\u00f3w posiadaj\u0105cych certyfikaty dopuszczaj\u0105ce do kontaktu z \u017cywno\u015bci\u0105. Specjalizujemy si\u0119 przede wszystkim w produkcji trzech warzyw korzeniowych: marchwi, pasternaku oraz pietruszki korzeniowej. Skoncentrowanie dzia\u0142alno\u015bci na wybranych gatunkach pozwala nam [&hellip;]<\/p>","protected":false},"author":1,"featured_media":0,"parent":0,"menu_order":0,"comment_status":"closed","ping_status":"closed","template":"","meta":{"footnotes":""},"class_list":["post-70","page","type-page","status-publish","hentry"],"_links":{"self":[{"href":"https:\/\/ptasinski-agro.com\/ja\/wp-json\/wp\/v2\/pages\/70","targetHints":{"allow":["GET"]}}],"collection":[{"href":"https:\/\/ptasinski-agro.com\/ja\/wp-json\/wp\/v2\/pages"}],"about":[{"href":"https:\/\/ptasinski-agro.com\/ja\/wp-json\/wp\/v2\/types\/page"}],"author":[{"embeddable":true,"href":"https:\/\/ptasinski-agro.com\/ja\/wp-json\/wp\/v2\/users\/1"}],"replies":[{"embeddable":true,"href":"https:\/\/ptasinski-agro.com\/ja\/wp-json\/wp\/v2\/comments?post=70"}],"version-history":[{"count":46,"href":"https:\/\/ptasinski-agro.com\/ja\/wp-json\/wp\/v2\/pages\/70\/revisions"}],"predecessor-version":[{"id":1003,"href":"https:\/\/ptasinski-agro.com\/ja\/wp-json\/wp\/v2\/pages\/70\/revisions\/1003"}],"wp:attachment":[{"href":"https:\/\/ptasinski-agro.com\/ja\/wp-json\/wp\/v2\/media?parent=70"}],"curies":[{"name":"wp","href":"https:\/\/api.w.org\/{rel}","templated":true}]}}